{"id":1473,"date":"2015-05-21T12:41:40","date_gmt":"2015-05-21T12:41:40","guid":{"rendered":"http:\/\/pencidesign.com\/soledad\/?page_id=2"},"modified":"2026-02-18T06:42:08","modified_gmt":"2026-02-18T05:42:08","slug":"about-me","status":"publish","type":"page","link":"https:\/\/www.rotaryclubquartusantelena.org\/index.php\/about-me\/","title":{"rendered":"Il Club"},"content":{"rendered":"<p>I<\/p>\n<p style=\"text-align: left;\">Il Rotary Club di Quartu Sant\u2019Elena \u00e8 stato costituito il 14 Maggio 1985 grazie al club padrino Cagliari Est , presieduto da Renato Perezzani, ed al particolare impegno profuso dal delegato del Club Raffaele Isola, da Livio Zedda e da Andrea Giua, i quali, dopo approfondita ricerca, individuarono 21 potenziali rotariani tra gli imprenditori, professionisti e dirigenti, operanti o residenti nell\u2019area quartese.<\/p>\n<p style=\"text-align: left;\">Oggi, dopo \u00a040 anni, Il nostro Club ha maturato rapidamente, sia nell\u2019affiatamento tra i soci, sia nell\u2019approfondimento delle regole rotariane, grazie ai tre amici di Cagliari Est appena ricordati, ma senza dimenticare il grande maestro di Rotary Enrico Marcialis, futuro Governatore del Distretto 2080, che tenne per i neofiti numerose e preziose lezioni sul Rotary ancor prima della costituzione del Club.<\/p>\n<p style=\"text-align: left;\">Il Club si mise in evidenza da subito, per l\u2019entusiasmo nel realizzare le numerose attivit\u00e0 di servizio rotariane rivolte \u00a0alla citt\u00e0 di Quartu Sant&#8217;Elena, coinvolgendo le scuole cittadine e altre organizzazioni di servizio presenti nel territorio. Naturalmente si lavor\u00f2 da subito anche a livello distrettuale: progetti di pubblico interesse culturale, ambientale, sociale da soli o spesso in Interclub con i club cagliaritani. Vale la pena ricordare il 1\u00b0 premio concorso distrettuale\u201c Rotary e Comunicazione \u201c con l\u2019ideazione di un poster; le raccolta fondi per attivit\u00e0 locali e internazionali sensibilizzando la comunit\u00e0 sui motivi del nostro impegno. Un servizio svolto per la citt\u00e0 rimarr\u00e0 come traccia indelebile dell\u2019attivit\u00e0 del nostro Club: la ideazione, progettazione, la direzione dei lavori per la realizzazione di una struttura da destinarsi a \u201cUfficio Informazioni Turistiche\u201c al Margine Rosso. Il progetto donato all\u2019Amministrazione comunale di Quartu nel 1996 \u00a0accolto con entusiasmo dalla stessa, tanto che ne finanzi\u00f2 la realizzazione assegnando ad un nostro socio ingegnere la direzione dei lavori, a titolo naturalmente gratuito. Per \u00a0\u00a0anni la struttura ha funzionato egregiamente nel dare un servizio di livello all\u2019economia turistica locale. In occasione del centenario del nostro fondatore Paul Harris, la piazzetta antistante l\u2019Ufficio Informazione Turistiche \u00e8 stata dedicata da Comune proprio a Paul Harris.<\/p>\n<p style=\"text-align: left;\">Nel corso degli anni rotariani 2020-2021 il club ha contributo a realizzare il Piano di Protezione Civile, concretizzato dopo diversi anni di collaborazione da parte del nostro Club e, segnatamente, dei nostri soci Pier Giorgio Ibba e Pietro Ruiu; Il Club ha aderito, inoltre, \u00a0quale capofila dei Rotary Club della Citt\u00e0 metropolitana al progetto AD ADIUVANDUM, nella campagna \u00a0contro il Covid-19 sostenendo l\u2019iniziativa, \u00a0finalizzata alla costituzione di una rete di prevenzione, attraverso \u00a0test sierologici, tamponi e vaccini. Ci\u00f2 consentendo uno screening quanto pi\u00f9 ampio possibile della popolazione, a cominciare dai soggetti pi\u00f9 fragili e quelli pi\u00f9 esposti al contagio, nell\u2019ambito del progetto sono stati effettuati circa ben 40000 test (tra sierologici, tamponi e vaccini) a favore della popolazione. Il Club ha fornito ,inoltre, \u00a0il \u00a0ricavato \u00a0della prima edizione 2020 dell\u2019iniziativa \u201cCalici di Solidariet\u00e0\u201d a favore di AD ADIUVANDUM.<\/p>\n<p style=\"text-align: left;\">Anche questo progetto, come tanti nel corso di ben 40 anni di attivit\u00e0 rotariana, ha visto la compartecipazione dell\u2019 Inner Wheel e del Rotaract di Quartu Sant\u2019Elena. Anche la nascita di questi due sodalizi vede il nostro Club impegnato in prima persona come Club padrino: il 3 Marzo 1987 nasce, promosso dal nostro Club, il Rotaract Club di Quartu Sant\u2019Elena Margine Rosso, nel 1992, nasce l\u2019Inner Wheel di Quartu Sant\u2019Elena e, infine, nel 2016, nasce l\u2019Interact Quartu Sant\u2019Elena Margine Rosso.<\/p>\n","protected":false},"excerpt":{"rendered":"<p>I Il Rotary Club di Quartu Sant\u2019Elena \u00e8 stato costituito il 14 Maggio 1985 grazie al club padrino Cagliari Est , presieduto da Renato Perezzani, ed al particolare impegno profuso dal delegato del Club Raffaele Isola, da Livio Zedda e da Andrea Giua, i quali, dopo approfondita ricerca, individuarono 21 potenziali rotariani tra gli imprenditori, &hellip; <\/p>\n<p class=\"link-more\"><a href=\"https:\/\/www.rotaryclubquartusantelena.org\/index.php\/about-me\/\" class=\"more-link\">Leggi tutto<span class=\"screen-reader-text\"> &#8220;Il Club&#8221;<\/span><\/a><\/p>\n","protected":false},"author":1,"featured_media":0,"parent":0,"menu_order":0,"comment_status":"closed","ping_status":"open","template":"","meta":{"footnotes":""},"class_list":["post-1473","page","type-page","status-publish","hentry"],"_links":{"self":[{"href":"https:\/\/www.rotaryclubquartusantelena.org\/index.php\/wp-json\/wp\/v2\/pages\/1473","targetHints":{"allow":["GET"]}}],"collection":[{"href":"https:\/\/www.rotaryclubquartusantelena.org\/index.php\/wp-json\/wp\/v2\/pages"}],"about":[{"href":"https:\/\/www.rotaryclubquartusantelena.org\/index.php\/wp-json\/wp\/v2\/types\/page"}],"author":[{"embeddable":true,"href":"https:\/\/www.rotaryclubquartusantelena.org\/index.php\/wp-json\/wp\/v2\/users\/1"}],"replies":[{"embeddable":true,"href":"https:\/\/www.rotaryclubquartusantelena.org\/index.php\/wp-json\/wp\/v2\/comments?post=1473"}],"version-history":[{"count":8,"href":"https:\/\/www.rotaryclubquartusantelena.org\/index.php\/wp-json\/wp\/v2\/pages\/1473\/revisions"}],"predecessor-version":[{"id":2006,"href":"https:\/\/www.rotaryclubquartusantelena.org\/index.php\/wp-json\/wp\/v2\/pages\/1473\/revisions\/2006"}],"wp:attachment":[{"href":"https:\/\/www.rotaryclubquartusantelena.org\/index.php\/wp-json\/wp\/v2\/media?parent=1473"}],"curies":[{"name":"wp","href":"https:\/\/api.w.org\/{rel}","templated":true}]}}